{"id":130754,"date":"2010-04-13T09:46:07","date_gmt":"2010-04-13T07:46:07","guid":{"rendered":"http:\/\/www.monblogdefille.com\/blog\/?page_id=130754"},"modified":"2014-01-23T19:54:55","modified_gmt":"2014-01-23T18:54:55","slug":"faq","status":"publish","type":"page","link":"https:\/\/www.monblogdefille.com\/blog\/faq\/","title":{"rendered":"FAQ"},"content":{"rendered":"<div>\n<p><strong>GENERALITES :<\/strong><\/p>\n<p>Vous \u00eates ici sur un blog, pas un forum. Les commentaires sont les bienvenus \u00e0 condition qu\u2019ils soient en rapport avec l\u2019article comment\u00e9 ;-)<\/p>\n<p>N&rsquo;h\u00e9sitez pas \u00e0 lire ou relire <a href=\"http:\/\/www.monblogdefille.com\/blog\/charte-d%E2%80%99utilisation-nethique-de-mon-blog-de-fille\" target=\"_blank\">la charte n\u00e9thique<\/a> d&rsquo;utilisation de ce blog.<\/p>\n<p>Je me r\u00e9serve par ailleurs la possibilit\u00e9 de supprimer tout commentaire non constructif (quant \u00e0 ceux qui sont agressifs ou dieu sait quoi de ce genre, cela va sans dire).<\/p>\n<p><strong>Que veulent dire ces abr\u00e9viations que vous utilisez concernant le maquillage :<\/strong><\/p>\n<p>Il y a <a href=\"http:\/\/www.monblogdefille.com\/blog\/mes-soeurs-le-lima-lexique-international-du-maquillage-et-de-ses-abreviations\" target=\"_blank\">un lexique ici<\/a>.<\/p>\n<p><strong>Peut-on avoir des conseils personnalis\u00e9s en maquillage ?<\/strong><\/p>\n<p>Vous pouvez poster des photos de vos maquillages dans la rubrique <a href=\"http:\/\/www.monblogdefille.com\/blog\/category\/vous-etes-maquillees-comment-aujourdhui\" target=\"_blank\">Vous \u00eates maquill\u00e9es comment aujourd&rsquo;hui ?<\/a>, pour avoir quelques conseils et suggestions.\u00a0 Cela dit, il est quasiment impossible de conseiller un fond de teint par commentaires interpos\u00e9s, ou de donner des id\u00e9es de maquillage pour telle ou telle occasion ; virtuellement c&rsquo;est tr\u00e8s difficile.<\/p>\n<p><span style=\"text-decoration: underline;\"><strong>J&rsquo;ai fais une vid\u00e9o pour expliquer \u00e7a, n&rsquo;h\u00e9sitez pas <a href=\"http:\/\/www.monblogdefille.com\/blog\/pourquoi-je-ne-peux-pas-vous-conseiller-personnellement\" target=\"_blank\">\u00e0 aller la voir<\/a>.<\/strong><\/span><\/p>\n<p>Si vous vous demandez de quoi est faite <a href=\"http:\/\/www.monblogdefille.com\/blog\/la-trousse-make-up-de-base\" target=\"_blank\">la trousse \u00e0 maquillage de base<\/a>, il y a un billet qui recense tout \u00e7a (et que, euh&#8230;, j&rsquo;essaye de tenir \u00e0 jour ;-).<\/p>\n<p>Et si vous vous demandez les couleurs qui s&rsquo;accordent avec vos yeux, vous avez d\u00e9j\u00e0 de quoi faire avec <a href=\"http:\/\/www.monblogdefille.com\/blog\/le-maquillage-selon-la-couleur-de-vos-yeux\" target=\"_blank\">ce billet<\/a>.<\/p>\n<p><strong>DSUREE DE CONSERVATION DU MAQUILLAGE :<\/strong><\/p>\n<p>Vous \u00eates nombreuses \u00e0 vous\/me poser la question, j&rsquo;ai donc fait <a href=\"http:\/\/www.monblogdefille.com\/blog\/duree-de-conservation-du-maquillage\" target=\"_blank\">un billet<\/a> expr\u00e8s l\u00e0-dessus.<strong><br \/>\n<\/strong><\/p>\n<p><strong>PALETTES :<\/strong><\/p>\n<p>Les <strong>palettes \u00e0 couvercles transparent et \u00e0 fond aimant\u00e9<\/strong> dans lesquelles j&rsquo;ai mis tous mes fards sont des <strong>Z Palettes<\/strong>. On les trouve ici (et perso j&rsquo;en suis super contente) :<br \/>\n<a href=\"http:\/\/www.zpalette.com\/\" target=\"_blank\" rel=\"noopener\">http:\/\/www.zpalette.com\/<\/a><\/p>\n<p><strong>PINCEAUX :<\/strong><\/p>\n<p><strong>O\u00f9 acheter des pinceaux pas chers ?<\/strong><\/p>\n<p>Soit chez <a href=\"http:\/\/www.coastalscents.com\/\" target=\"_blank\" rel=\"noopener\">www.coastalscents.com<\/a>, soit en Europe chez <a href=\"http:\/\/www.crownbrush.eu\/\" target=\"_blank\" rel=\"noopener\">http:\/\/www.crownbrush.eu\/<\/a> qui est en fait leur fournisseur \u2013 et \u00e7a vous \u00e9vitera d&rsquo;\u00e9ventuels frais de douane (perso j&rsquo;en ai jamais eu, mais je pense que j&rsquo;ai eu du bol).<\/p>\n<p>Les deux pinceaux Coastal Scents que j&rsquo;utilise tout le temps sont l&rsquo;<a href=\"http:\/\/www.coastalscents.com\/cfwebstore\/index.cfm\/product\/1440_37\/pink-round-crease-eye-brush.cfm\" target=\"_blank\" rel=\"noopener\">estompeur<\/a> et le <a href=\"http:\/\/www.coastalscents.com\/cfwebstore\/index.cfm\/product\/1439_37\/pink-angle-taklon-liner-brush.cfm\" target=\"_blank\" rel=\"noopener\">mini biseaut\u00e9<\/a>.<\/p>\n<p>Une r\u00e9cap de tout \u00e7a <a href=\"http:\/\/www.monblogdefille.com\/blog\/des-pinceaux-pas-chers\" target=\"_blank\">dans cet article<\/a>.<\/p>\n<p><strong>Pourquoi les pinceaux MAC ou Make Up Forever sont-ils mieux ?<\/strong><\/p>\n<p>Parce que ce sont des outils de professionnels : ils sont en poils naturels (souvent de ch\u00e8vre) et taill\u00e9s \u00e0 la main, donc moins r\u00eaches (mais aussi plus chers). Si on les entretient bien ils peuvent durer 10 ans ou plus, c\u2019est un investissement qui vaut vraiment la peine.<\/p>\n<p><strong>Les sets de pinceaux MAC sont-ils un deal int\u00e9ressant ?<\/strong><\/p>\n<p>MAC vend parfois des kits de quelques pinceaux pour un prix nettement inf\u00e9rieur \u00e0 la somme des pinceaux individuels. Mais ce sont des pinceaux taill\u00e9s \u00e0 la machine et non \u00e0 la main, la qualit\u00e9 est donc souvent inf\u00e9rieure. Perso je les d\u00e9conseille, il vaut mieux acheter les pinceaux individuellement.<\/p>\n<p><strong>ATTENTION <\/strong>: m\u00e9fiez-vous de pr\u00e9tendus sets de pinceaux MAC sur eBay, ceux-l\u00e0 sont souvent faux. Ne les achetez pas ailleurs qu\u2019en boutique.<\/p>\n<p><strong>Comment entretenir les pinceaux ?<\/strong><\/p>\n<p>Eau claire et savon de Marseille. Oubliez tout ce qu\u2019on a pu vous dire d\u2019autre.<br \/>\nIl y a une <a href=\"http:\/\/www.monblogdefille.com\/blog\/comment-laver-ses-pinceaux\" target=\"_blank\">vid\u00e9o de d\u00e9monstration l\u00e0<\/a>.<\/p>\n<p><strong>Quelle est la diff\u00e9rence entre les pigments et les fards \u00e0 paupi\u00e8res ?<\/strong><\/p>\n<p>Les pigments sont sous forme de poudre libre, on peut les utiliser comme fards mais aussi sur le reste du visage ou du corps. Ils doivent par contre avoir une base \u00e0 laquelle s\u2019accrocher : paintpot, crayon gras\u2026<\/p>\n<p><strong>Et pour ne pas en mettre partout ?<\/strong><\/p>\n<p>Il faut utiliser un pinceau plat et dense comme le 239 MAC, pr\u00e9lever un peu de pigment et faire tourner le pinceau dans le couvercle du petit pot. Ainsi les pigments rentrent bien dans les poils et ne tombent pas partout. Ensuite, il faut les appliquer en posant, surtout pas en balayant la peau.<\/p>\n<p><a href=\"http:\/\/www.monblogdefille.com\/blog\/le-maquillage-aux-pigments-par-lullaby\" target=\"_blank\">Vid\u00e9o de d\u00e9monstration ici<\/a>.<\/p>\n<p><strong>SHOPPING BEAUT\u00c9 :<\/strong><\/p>\n<p><strong>Combien co\u00fbte un produit MAC ?<\/strong><\/p>\n<p>Tous les prix sont renseign\u00e9s sur leur site : <a href=\"http:\/\/www.maccosmetics.fr\/\" target=\"_blank\" rel=\"noopener\">www.maccosmetics.fr<\/a>. Vous y verrez aussi des photos. Les prix sont sensiblement les m\u00eames partout en Europe mais peuvent varier, notamment \u00e0 cause de la TVA, surtout pour les articles chers tels que les pinceaux.<\/p>\n<p><strong>Comment choisir des couleurs de fards MAC si on ach\u00e8te sur internet ?<\/strong><\/p>\n<p>Sur le site de Mac les couleurs ne sont pas DU TOUT conformes \u00e0 la r\u00e9alit\u00e9. Mieux vaut rechercher des \u00ab swatches \u00bb sur le web, comme ceux-ci par exemple :<br \/>\n<a href=\"http:\/\/karlasugar.blogspot.com\/2008\/09\/mac-eyeshadow-recap.html\" target=\"_blank\" rel=\"noopener\">http:\/\/karlasugar.blogspot.com\/2008\/09\/mac-eyeshadow-recap.html<\/a><\/p>\n<p><a href=\"http:\/\/www.temptalia.com\/\" target=\"_blank\" rel=\"noopener\">http:\/\/www.temptalia.com\/<\/a><\/p>\n<p><strong>Que sont les collections \u00e9ph\u00e9m\u00e8res ?<\/strong><\/p>\n<p>Chaque ann\u00e9e MAC lance environ 50 collections temporaires, avec des produits qui ne sont disponibles que durant une p\u00e9riode limit\u00e9e et jusqu\u2019\u00e0 \u00e9puisement du stock. Plus elles sont populaires, plus elles sont vite vendues !<\/p>\n<p><strong>Qu\u2019est-ce que \u00ab Back to MAC \u00bb ?<\/strong><\/p>\n<p>C\u2019est le programme de recyclage des emballages MAC. Rapportez 6 emballages vides en plastique dans votre boutique (bo\u00eetiers de fards \u00e0 paupi\u00e8res, tubes de rouge \u00e0 l\u00e8vre, bouteille de d\u00e9maquillant, etc\u2026) et vous recevrez un rouge \u00e0 l\u00e8vre gratuit.<\/p>\n<p>H\u00e9las pour des raisons de lois sur la TVA, Back to MAC n\u2019est pas autoris\u00e9 en Belgique ou aux Pays-Bas.<\/p>\n<p><strong>O\u00f9 trouver MAC en Belgique ?<\/strong><\/p>\n<p>A Anvers, \u00e0 Li\u00e8ge et \u00e0 Bruxelles (place St\u00e9phanie au bout de l\u2019avenue Louise). Par contre on ne peut pas commander sur internet, et les sites Mac des autres pays ne livrent pas en dehors de leur territoire.<\/p>\n<p><strong>O\u00f9 trouver Make Up Forever en Belgique ?<\/strong><\/p>\n<p>Dans leur boutique de Bruxelles ou sur le web via <a href=\"http:\/\/www.rnbeauty.com\/shop\/home.php?cat=5\" target=\"_blank\" rel=\"noopener\">http:\/\/www.rnbeauty.com\/shop\/home.php?cat=5<\/a> (compter 9\u20ac de frais de livraison !), et en F\u00e9vrier 2014 \u00e0 Li\u00e8ge.<\/p>\n<p><strong>O\u00f9 trouver Cargo, Nars, Too Faced, Urban Decay&#8230; en Belgique ?<\/strong><\/p>\n<p>Ce sont des marques distribu\u00e9es en France par Sephora mais pas pr\u00e9sentes en Belgique.<br \/>\nLa plupart de ces produits sont disponibles sur ces sites, \u00e0 partir d\u2019Angleterre :<br \/>\n<a href=\"http:\/\/www.beautybay.com\/\" target=\"_blank\" rel=\"noopener\">www.beautybay.com<\/a><br \/>\n<a href=\"http:\/\/www.hqhair.com\/\" target=\"_blank\" rel=\"noopener\">www.hqhair.com<\/a><\/p>\n<p><strong>O\u00f9 trouver Mac en Suisse ?<\/strong><\/p>\n<p>A B\u00e2le, Zurich, Gen\u00e8ve, Berne, et \u00e0 Lausanne (il y a un corner chez Globus). <a href=\"http:\/\/www.maccosmetics.fr\/templates\/door\/finder.tmpl\" target=\"_blank\" rel=\"noopener\">http:\/\/www.maccosmetics.fr\/<\/a> pour trouver les adresses et coordonn\u00e9es de contact.<br \/>\nPar contre on ne peut pas commander sur internet, et les sites MAC des autres pays ne livrent pas en dehors de leur territoire.<\/p>\n<p>Et <strong>pour les adresses de <a href=\"http:\/\/www.monblogdefille.com\/blog\/tag\/shopping-beaute\" target=\"_blank\">shopping en ligne<\/a><\/strong>, remercions Lullaby qui a fait quasi tout le boulot pour vous !<\/p>\n<p>Sinon pour le <strong>shopping beaut\u00e9 \u00e0 Paris<\/strong>, vous avez une r\u00e9cap <a href=\"http:\/\/www.monblogdefille.com\/blog\/shopping-beaute-a-paris\" target=\"_blank\">dans ce billet<\/a>.<\/p>\n<\/div>\n","protected":false},"excerpt":{"rendered":"<p>GENERALITES : Vous \u00eates ici sur un blog, pas un forum. Les commentaires sont les bienvenus \u00e0 condition qu\u2019ils soient en rapport avec l\u2019article comment\u00e9 ;-) N&rsquo;h\u00e9sitez pas \u00e0 lire ou relire la charte n\u00e9thique&#8230;<br \/> <a class=\"read-more\" href=\"https:\/\/www.monblogdefille.com\/blog\/faq\/\">Lire la suite \u00bb<\/a><\/p>\n","protected":false},"author":3,"featured_media":0,"parent":0,"menu_order":0,"comment_status":"closed","ping_status":"closed","template":"","meta":{"footnotes":""},"class_list":["post-130754","page","type-page","status-publish","hentry"],"_links":{"self":[{"href":"https:\/\/www.monblogdefille.com\/blog\/wp-json\/wp\/v2\/pages\/130754","targetHints":{"allow":["GET"]}}],"collection":[{"href":"https:\/\/www.monblogdefille.com\/blog\/wp-json\/wp\/v2\/pages"}],"about":[{"href":"https:\/\/www.monblogdefille.com\/blog\/wp-json\/wp\/v2\/types\/page"}],"author":[{"embeddable":true,"href":"https:\/\/www.monblogdefille.com\/blog\/wp-json\/wp\/v2\/users\/3"}],"replies":[{"embeddable":true,"href":"https:\/\/www.monblogdefille.com\/blog\/wp-json\/wp\/v2\/comments?post=130754"}],"version-history":[{"count":0,"href":"https:\/\/www.monblogdefille.com\/blog\/wp-json\/wp\/v2\/pages\/130754\/revisions"}],"wp:attachment":[{"href":"https:\/\/www.monblogdefille.com\/blog\/wp-json\/wp\/v2\/media?parent=130754"}],"curies":[{"name":"wp","href":"https:\/\/api.w.org\/{rel}","templated":true}]}}